{"id":13939,"date":"2023-12-13T14:23:40","date_gmt":"2023-12-13T14:23:40","guid":{"rendered":"https:\/\/isla-web.es\/?page_id=13939"},"modified":"2026-04-14T10:13:03","modified_gmt":"2026-04-14T10:13:03","slug":"nosotras","status":"publish","type":"page","link":"https:\/\/isla-web.es\/en\/nosotras","title":{"rendered":"About us"},"content":{"rendered":"<p>About us<\/p>\n<h2 style=\"color: #000000; text-align: left; font-size: 79px; line-height: 87px; font-weight: 500;\" data-appearing-delay=\"240\">Ideology of sustainability<br \/>\n&amp; laboratory of art<\/h2>\n<p><a href=\"https:\/\/www.instagram.com\/isla_redes\/\" target=\"_blank\" rel=\"noopener\"><br \/>\nInstagram<br \/>\n<\/a><br \/>\n<a href=\"https:\/\/vimeo.com\/islaidearioylaboratorio\" target=\"_blank\" rel=\"noopener\"><br \/>\nVimeo<br \/>\n<\/a><br \/>\n<img fetchpriority=\"high\" decoding=\"async\" src=\"https:\/\/isla-web.es\/wp-content\/uploads\/2023\/12\/ilustracion-mapa.jpg\" sizes=\"(max-width: 1920px) 100vw, 1920px\" srcset=\"https:\/\/isla-web.es\/wp-content\/uploads\/2023\/12\/ilustracion-mapa.jpg 1920w, https:\/\/isla-web.es\/wp-content\/uploads\/2023\/12\/ilustracion-mapa-300x150.jpg 300w, https:\/\/isla-web.es\/wp-content\/uploads\/2023\/12\/ilustracion-mapa-1024x513.jpg 1024w, https:\/\/isla-web.es\/wp-content\/uploads\/2023\/12\/ilustracion-mapa-768x385.jpg 768w, https:\/\/isla-web.es\/wp-content\/uploads\/2023\/12\/ilustracion-mapa-1536x770.jpg 1536w, https:\/\/isla-web.es\/wp-content\/uploads\/2023\/12\/ilustracion-mapa-18x9.jpg 18w, https:\/\/isla-web.es\/wp-content\/uploads\/2023\/12\/ilustracion-mapa-1300x650.jpg 1300w\" alt=\"\" width=\"1920\" height=\"962\" \/><\/p>\n<p>Our place in Robledo de Chavela<\/p>\n<p>What we do<\/p>\n<h2 style=\"margin-top: 20px;\">We believe in sustainability as a way of thinking and operating<\/h2>\n<p>ISLA is configured as a space of thought and praxis, as a think-and-action tank for research, development and experimentation of ideas in the intersection between ecology and art. We believe in the sustainability as a way of thinking and operating, and the crucial role of the visual arts to\nceate, speculate and fabulate about new possibilities and alternatives to face the climatic and ecologic emergency.<\/p>\n<p>ISLA seeks to develop work lines in the construction of the common through strategic alliances and networks at the local, national and international levels. The epicenter of the project is placed in\nRobledo de Chavela, a periferic area that will gradually be tranformed into a space of artistic experiences and proposals with which we will address issues suchs as food sovereignty, water protection, climate action, biodiversity preservation, pollution, natural habitat recovery, etc. In order to do so, we consider it fundamental to bring back traditional espistemologies and ancestral biocultural knowledge, with which to articulate imaginative narratives and new stories to generate a real oportunity for change.<\/p>\n<p>In this idyllic envirenment we will develop site-specific projects as well as function as a space for research, exchange and experimentation that can operate from all over the world, creating networks and connections with aligned approaches.<\/p>\n<p>ISLA will also work as a place that generate synergies and transversal and multidisciplinary kmowledge. To this end, we will propose the development of a program with visual artists from the\nlocal, national and international context in collaboration with scientists, farmers, musicians, arquitects, dance, or literature. Bearing in mind the principles of degrowht and moving away from the productivist chaos, we will develop proposals base on observation, research, discovering and various approach strategies in order to generate new experiences and sustainable ways of producing and experiencig non-profit culture.<\/p>\n<p>It will also have a digital alter ego, which will connect our Isla in Robledo de Chavela with others located in differents parts of the planet, creating a network of projects in line with the objectives and mission of ISLA.<\/p>\n<p>We are generating a decalogue of sustainability for ISLA in which will include a series of specific guidelines to take care of the ecological footprint of the whole project over its entire life cycle and all\nthe experiences that are part of it.<\/p>\n<p>El proyecto ISLA se present\u00f3 el s\u00e1bado 30 de septiembre de 2023 a trav\u00e9s de un viaje experiencial a nuestro terreno de Robledo de Chavela, un encuentro donde abrimos nuestras puertas con acciones visuales espec\u00edficas y celebramos con una comida campestre el comienzo de esta iniciativa cuyo planteamiento procesual iremos construyendo d\u00eda a d\u00eda.<\/p>\n<p>&nbsp;<\/p>\n<p>&nbsp;<\/p>\n<article><a href=\"https:\/\/isla-web.es\/en\/portfolio-item\/lucia-mendoza\/\" target=\"_self\"><br \/>\n<img decoding=\"async\" src=\"https:\/\/isla-web.es\/wp-content\/uploads\/2023\/09\/lucia-mendoza.jpg\" sizes=\"(max-width: 960px) 100vw, 960px\" srcset=\"https:\/\/isla-web.es\/wp-content\/uploads\/2023\/09\/lucia-mendoza.jpg 960w, https:\/\/isla-web.es\/wp-content\/uploads\/2023\/09\/lucia-mendoza-282x300.jpg 282w, https:\/\/isla-web.es\/wp-content\/uploads\/2023\/09\/lucia-mendoza-768x816.jpg 768w\" alt=\"Isla - Luc\u00eda Mendoza\" width=\"960\" height=\"1020\" \/> <\/a><\/p>\n<h4><a href=\"https:\/\/isla-web.es\/en\/portfolio-item\/lucia-mendoza\/\" target=\"_self\"><br \/>\nLuc\u00eda Mendoza<\/a><\/h4>\n<\/article>\n<blockquote><p><a href=\"https:\/\/drive.google.com\/file\/d\/1c1OoW_H2PLAvWnHVeX349QXC_-szZUkr\/view?usp=drive_link\">ENVIRONMENTAL RESPONSIBILITY STATEMENT<\/a><\/p><\/blockquote>\n<h5><a href=\"mailto:hola@isla-web.es\" target=\"_blank\" rel=\"noopener\">Get in touch<\/a> with us<\/h5>","protected":false},"excerpt":{"rendered":"<p>Nosotras Ideario de sostenibilidad &amp; laboratorio de arte Instagram Vimeo Nuestro terreno de Robledo de Chavela Qu\u00e9 hacemos Creemos en la sostenibilidad como modo de operar y pensar ISLA se configura como un espacio de pensamiento y praxis, como un think-and-action tank para la investigaci\u00f3n, desarrollo y experimentaci\u00f3n de ideas en la intersecci\u00f3n entre la [&hellip;]<\/p>","protected":false},"author":3,"featured_media":0,"parent":0,"menu_order":0,"comment_status":"closed","ping_status":"closed","template":"page-full-width.php","meta":{"footnotes":""},"class_list":["post-13939","page","type-page","status-publish","hentry"],"_links":{"self":[{"href":"https:\/\/isla-web.es\/en\/wp-json\/wp\/v2\/pages\/13939","targetHints":{"allow":["GET"]}}],"collection":[{"href":"https:\/\/isla-web.es\/en\/wp-json\/wp\/v2\/pages"}],"about":[{"href":"https:\/\/isla-web.es\/en\/wp-json\/wp\/v2\/types\/page"}],"author":[{"embeddable":true,"href":"https:\/\/isla-web.es\/en\/wp-json\/wp\/v2\/users\/3"}],"replies":[{"embeddable":true,"href":"https:\/\/isla-web.es\/en\/wp-json\/wp\/v2\/comments?post=13939"}],"version-history":[{"count":47,"href":"https:\/\/isla-web.es\/en\/wp-json\/wp\/v2\/pages\/13939\/revisions"}],"predecessor-version":[{"id":14408,"href":"https:\/\/isla-web.es\/en\/wp-json\/wp\/v2\/pages\/13939\/revisions\/14408"}],"wp:attachment":[{"href":"https:\/\/isla-web.es\/en\/wp-json\/wp\/v2\/media?parent=13939"}],"curies":[{"name":"wp","href":"https:\/\/api.w.org\/{rel}","templated":true}]}}